{"id":6466,"date":"2022-08-17T14:25:55","date_gmt":"2022-08-17T18:25:55","guid":{"rendered":"https:\/\/limoges.college\/?page_id=6466"},"modified":"2026-01-16T10:40:46","modified_gmt":"2026-01-16T15:40:46","slug":"about","status":"publish","type":"page","link":"https:\/\/limoges.college\/en\/about\/","title":{"rendered":"About LIMOGES College"},"content":{"rendered":"<div class=\"wp-block-qubely-row qubely-section qubely-block-ccf1ff\"><div class=\"qubely-row-overlay\"><\/div><div class=\"qubely-container\"><div class=\"qubely-row \"><div class=\"wp-block-qubely-column qubely-column qubely-column-front qubely-block-c4f8eb\"><div class=\"qubely-column-inner\"><figure class=\"wp-block-embed is-type-video is-provider-youtube wp-block-embed-youtube wp-embed-aspect-16-9 wp-has-aspect-ratio\"><div class=\"wp-block-embed__wrapper\">\n<iframe loading=\"lazy\" title=\"Introduction to naturopathy - Limoges College\" width=\"500\" height=\"281\" src=\"https:\/\/www.youtube.com\/embed\/PJTIc0VOWKM?feature=oembed\" frameborder=\"0\" allow=\"accelerometer; autoplay; clipboard-write; encrypted-media; gyroscope; picture-in-picture; web-share\" referrerpolicy=\"strict-origin-when-cross-origin\" allowfullscreen><\/iframe>\n<\/div><\/figure><\/div><\/div><\/div><\/div><\/div><div class=\"wp-block-qubely-row qubely-section qubely-block-9edb42\" id=\"who-we-are\"><div class=\"qubely-row-overlay\"><\/div><div class=\"qubely-container\"><div class=\"qubely-row \"><div class=\"wp-block-qubely-column qubely-column qubely-column-front qubely-block-764024\"><div class=\"qubely-column-inner\"><div class=\"wp-block-qubely-image qubely-block-94273e\"><div class=\"qubely-block-image  qubely-image-layout-simple\"><div class=\"qubely-image-media qubely-vertical-alignment-center qubely-horizontal-alignment-center\"><figure><div class=\"qubely-image-container\"><img decoding=\"async\" class=\"qubely-image-image\" src=\"https:\/\/limoges.college\/wp-content\/uploads\/2022\/09\/IMG_7738-scaled.jpg\" alt=\"\"\/><\/div><\/figure><\/div><\/div><\/div><\/div><\/div>\n\n<div class=\"wp-block-qubely-column qubely-column qubely-column-front qubely-block-2a2d9a\"><div class=\"qubely-column-inner\"><h2 class=\"wp-block-heading\">Who We Are<\/h2>\n\n<div style=\"height:20px\" aria-hidden=\"true\" class=\"wp-block-spacer\"><\/div>\n\n<p>At Limoges College, our teachings are based on the deeply held conviction that the body has the innate ability to regenerate and heal itself, as long as it has everything it needs to function properly.&nbsp;<\/p>\n\n<p>Our students can tap into over 30&nbsp;years of study and clinical practice by founder Christian Limoges and other specialists in their journey toward optimal health and renewed vitality.&nbsp;<\/p>\n\n<p>The central purpose of our school is to be a place where knowledge is shared and disseminated so that anyone can learn more about the workings of the human body. Those who wish to build on this knowledge can pursue their studies in naturopathy to become a therapist and guide others on the path to a healthier, fuller life.<\/p><\/div><\/div><\/div><\/div><\/div><div class=\"wp-block-qubely-row qubely-section qubely-block-4af11c\" id=\"our-vision\"><div class=\"qubely-row-overlay\"><\/div><div class=\"qubely-container\"><div class=\"qubely-row \"><div class=\"wp-block-qubely-column qubely-column qubely-column-front qubely-block-304c5b\"><div class=\"qubely-column-inner\"><h2 class=\"wp-block-heading\">Our Vision of Naturopathy<\/h2>\n\n<div style=\"height:20px\" aria-hidden=\"true\" class=\"wp-block-spacer\"><\/div>\n\n<blockquote class=\"wp-block-quote is-layout-flow wp-block-quote-is-layout-flow\"><p><strong><strong>Let food be thy medicine.<\/strong><\/strong><\/p><cite><strong>Hippocrate<\/strong>s<\/cite><\/blockquote>\n\n<p class=\"has-text-color\" style=\"color:#779966\"><strong>The word NATUROPATHY that comes from the latin word NATURA &#8220;nature&#8221; and PATHOS &#8220;disease&#8221; means treating<br>diseases through the ways of nature.<\/strong><\/p>\n\n<p>At Limoges College, we believe that we are not so much what we <em>eat<\/em> as what we <em>digest<\/em>. It may sound like a simple idea on the face of it, but it is actually quite complex.&nbsp;<\/p>\n\n<p>Drawing on his clinical experience and what he learned from renowned health experts <a href=\"https:\/\/bernardj.com\/\" target=\"_blank\" rel=\"noreferrer noopener\">Bernard Jensen<\/a> and <a href=\"https:\/\/drmorsesherbalhealthclub.com\/\" target=\"_blank\" rel=\"noreferrer noopener\">Robert Morse<\/a>, founder Christian Limoges firmly believes that most health problems can be traced back to unresolved digestive issues.&nbsp;<\/p>\n\n<p>This is the foundation of all of his teachings. By helping the body eliminate what it no longer needs, we can ensure it absorbs essential nutrients more efficiently and reach its full potential.&nbsp;<\/p>\n\n<p>During your program of study, you will learn how to unlock the power of nature to nourish and heal.<\/p><\/div><\/div>\n\n<div class=\"wp-block-qubely-column qubely-column qubely-column-front qubely-block-7953f0\"><div class=\"qubely-column-inner\"><div class=\"wp-block-qubely-image qubely-block-a0df29\"><div class=\"qubely-block-image  qubely-image-layout-simple\"><div class=\"qubely-image-media qubely-vertical-alignment-center qubely-horizontal-alignment-center\"><figure><div class=\"qubely-image-container\"><img decoding=\"async\" class=\"qubely-image-image\" src=\"https:\/\/limoges.college\/wp-content\/uploads\/2022\/09\/IMG_7764-scaled.jpg\" alt=\"\"\/><\/div><\/figure><\/div><\/div><\/div><\/div><\/div><\/div><\/div><\/div><div class=\"wp-block-qubely-row qubely-section qubely-block-45b5ea\" id=\"facilities-portal\"><div class=\"qubely-row-overlay\"><\/div><div class=\"qubely-container\"><div class=\"qubely-row \"><div class=\"wp-block-qubely-column qubely-column qubely-column-front qubely-block-1e7a8a\"><div class=\"qubely-column-inner\"><div class=\"wp-block-qubely-image qubely-block-24de63\"><div class=\"qubely-block-image  qubely-image-layout-simple\"><div class=\"qubely-image-media qubely-vertical-alignment-center qubely-horizontal-alignment-center\"><figure><div class=\"qubely-image-container\"><img decoding=\"async\" class=\"qubely-image-image\" src=\"https:\/\/limoges.college\/wp-content\/uploads\/2022\/09\/IMG_7776-scaled.jpg\" alt=\"\"\/><\/div><\/figure><\/div><\/div><\/div><\/div><\/div>\n\n<div class=\"wp-block-qubely-column qubely-column qubely-column-front qubely-block-a2f24e\"><div class=\"qubely-column-inner\"><h2 class=\"wp-block-heading\">Our Facilities and Our Portal<\/h2>\n\n<div style=\"height:20px\" aria-hidden=\"true\" class=\"wp-block-spacer\"><\/div>\n\n<p>Our classes are taught in hybrid format from our facilities in Montreal for both our in-person students and those who are attending virtually via the Google Classroom platform.&nbsp;<\/p>\n\n<p>The result is a convenient learning solution for anyone, regardless of geographical or scheduling restrictions.&nbsp;<\/p>\n\n<p>Our online portal is also an invaluable tool for students enrolled in our <a href=\"https:\/\/limoges.college\/en\/program\/\">fast-track or custom programs<\/a>.<\/p><\/div><\/div><\/div><\/div><\/div><div class=\"wp-block-qubely-row qubely-section qubely-block-d5ce9c\" id=\"our-team\"><div class=\"qubely-row-overlay\"><\/div><div class=\"qubely-container\"><div class=\"qubely-row \"><div class=\"wp-block-qubely-column qubely-column qubely-column-front qubely-block-8d2ce3\"><div class=\"qubely-column-inner\"><h2 class=\"wp-block-heading\" id=\"block-4a7bae12-267b-4212-a28b-2bb2f674492e\">Our Team<\/h2>\n\n<div class=\"wp-block-qubely-row qubely-section qubely-block-933085\"><div class=\"qubely-row-overlay\"><\/div><div class=\"qubely-container\"><div class=\"qubely-row \"><div class=\"wp-block-qubely-column qubely-column qubely-column-front qubely-block-58556e\"><div class=\"qubely-column-inner\"><div class=\"wp-block-qubely-image qubely-block-7fbc1c\"><div class=\"qubely-block-image  qubely-image-layout-simple\"><div class=\"qubely-image-media qubely-vertical-alignment-center qubely-horizontal-alignment-center\"><figure><div class=\"qubely-image-container\"><img decoding=\"async\" class=\"qubely-image-image\" src=\"https:\/\/limoges.college\/wp-content\/uploads\/2022\/08\/christian-limoges-temp.jpg\" alt=\"\"\/><\/div><\/figure><\/div><\/div><\/div><\/div><\/div>\n\n<div class=\"wp-block-qubely-column qubely-column qubely-column-front qubely-block-241e43\"><div class=\"qubely-column-inner\"><h3 class=\"wp-block-heading\">Christian Limoges<\/h3>\n\n<h4 class=\"wp-block-heading\">Founder and Instructor in Naturopathy<\/h4>\n\n<div style=\"height:20px\" aria-hidden=\"true\" class=\"wp-block-spacer\"><\/div>\n\n<p>Christian Limoges is a naturopath and a quality of life specialist. After more than thirty years spent in the service of people\u2019s health, his approach is now internationally acclaimed. Building on his success, Christian revealed to the general public the fundamental principles of his method in the book&nbsp;<em>La naturopathie : une nouvelle option<\/em>.<\/p>\n\n<p>Although he is a director and teacher at the Limoges College*, an international speaker, an author and consultant, Christian is first and foremost the father of four children. Naturally, the best of his time is devoted to his family\u2026<\/p><\/div><\/div><\/div><\/div><\/div>\n\n<div class=\"wp-block-qubely-row qubely-section qubely-block-c03240\"><div class=\"qubely-row-overlay\"><\/div><div class=\"qubely-container\"><div class=\"qubely-row \"><div class=\"wp-block-qubely-column qubely-column qubely-column-front qubely-block-eb43a7\"><div class=\"qubely-column-inner\"><div class=\"wp-block-qubely-image qubely-block-dfae78\"><div class=\"qubely-block-image  qubely-image-layout-simple\"><div class=\"qubely-image-media qubely-vertical-alignment-center qubely-horizontal-alignment-center\"><figure><div class=\"qubely-image-container\"><img decoding=\"async\" class=\"qubely-image-image\" src=\"https:\/\/limoges.college\/wp-content\/uploads\/2022\/08\/tania.jpg\" alt=\"\"\/><\/div><\/figure><\/div><\/div><\/div><\/div><\/div>\n\n<div class=\"wp-block-qubely-column qubely-column qubely-column-front qubely-block-f04318\"><div class=\"qubely-column-inner\"><h3 class=\"wp-block-heading\">Tania Tsingakis<\/h3>\n\n<h4 class=\"wp-block-heading\">Anatomy Instructor<\/h4>\n\n<div style=\"height:20px\" aria-hidden=\"true\" class=\"wp-block-spacer\"><\/div>\n\n<p>Tania Tsingakis est notre enseignante pour le cours d&#8217;anatomie au Limoges College. Dipl\u00f4m\u00e9e elle-m\u00eame du Limoges College, elle pratique aussi en tant que naturopathe depuis plusieurs ann\u00e9es. Son \u00e9nergie et sa passion de transmettre son savoir vous charmeront \u00e0 coup s\u00fbr!<\/p><\/div><\/div><\/div><\/div><\/div>\n\n<div class=\"wp-block-qubely-row qubely-section qubely-block-f41918\"><div class=\"qubely-row-overlay\"><\/div><div class=\"qubely-container\"><div class=\"qubely-row \"><div class=\"wp-block-qubely-column qubely-column qubely-column-front qubely-block-679622\"><div class=\"qubely-column-inner\"><div class=\"wp-block-qubely-image qubely-block-b7488f\"><div class=\"qubely-block-image  qubely-image-layout-simple\"><div class=\"qubely-image-media qubely-vertical-alignment-center qubely-horizontal-alignment-center\"><figure><div class=\"qubely-image-container\"><img decoding=\"async\" class=\"qubely-image-image\" src=\"https:\/\/limoges.college\/wp-content\/uploads\/2023\/08\/SR011.jpeg\" alt=\"\"\/><\/div><\/figure><\/div><\/div><\/div><\/div><\/div>\n\n<div class=\"wp-block-qubely-column qubely-column qubely-column-front qubely-block-1a5de7\"><div class=\"qubely-column-inner\"><h3 class=\"wp-block-heading\">Sarah-Maria Leblanc<\/h3>\n\n<h4 class=\"wp-block-heading\">Herbology Instructor<\/h4>\n\n<div style=\"height:20px\" aria-hidden=\"true\" class=\"wp-block-spacer\"><\/div>\n\n<p><\/p><\/div><\/div><\/div><\/div><\/div><\/div><\/div><\/div><\/div><\/div><div class=\"wp-block-qubely-row qubely-section qubely-block-833071\" id=\"our-team\"><div class=\"qubely-row-overlay\"><\/div><div class=\"qubely-container\"><div class=\"qubely-row \"><div class=\"wp-block-qubely-column qubely-column qubely-column-front qubely-block-082144\"><div class=\"qubely-column-inner\"><div class=\"wp-block-qubely-button qubely-block-fffb15\"><div class=\"qubely-block-btn-wrapper \"><div class=\"qubely-block-btn\"><a class=\"qubely-block-btn-anchor is-large\" href=\"\/en\/product\/admissions\/\">Register Now<\/a><\/div><\/div><\/div><\/div><\/div><\/div><\/div><\/div>","protected":false},"excerpt":{"rendered":"","protected":false},"author":1,"featured_media":0,"parent":0,"menu_order":0,"comment_status":"closed","ping_status":"closed","template":"","meta":{"_acf_changed":false,"qubely_global_settings":"","qubely_interactions":"","pmpro_default_level":0,"footnotes":""},"class_list":["post-6466","page","type-page","status-publish","hentry","pmpro-has-access"],"acf":[],"post_excerpt_docent_pro_core":"","docent_pro_core_image_urls":{"full":"","portrait":"","thumbnail":""},"yoast_head":"<!-- This site is optimized with the Yoast SEO plugin v25.0 - https:\/\/yoast.com\/wordpress\/plugins\/seo\/ -->\n<title>About LIMOGES College - Limoges College<\/title>\n<meta name=\"robots\" content=\"index, follow, max-snippet:-1, max-image-preview:large, max-video-preview:-1\" \/>\n<link rel=\"canonical\" href=\"https:\/\/limoges.college\/en\/about\/\" \/>\n<meta property=\"og:locale\" content=\"en_US\" \/>\n<meta property=\"og:type\" content=\"article\" \/>\n<meta property=\"og:title\" content=\"About LIMOGES College - Limoges College\" \/>\n<meta property=\"og:url\" content=\"https:\/\/limoges.college\/en\/about\/\" \/>\n<meta property=\"og:site_name\" content=\"Limoges College\" \/>\n<meta property=\"article:publisher\" content=\"https:\/\/www.facebook.com\/cnclnaturopathie\/\" \/>\n<meta property=\"article:modified_time\" content=\"2026-01-16T15:40:46+00:00\" \/>\n<meta property=\"og:image\" content=\"https:\/\/limoges.college\/wp-content\/uploads\/2022\/09\/IMG_7738-scaled.jpg\" \/>\n<meta name=\"twitter:card\" content=\"summary_large_image\" \/>\n<meta name=\"twitter:label1\" content=\"Est. reading time\" \/>\n\t<meta name=\"twitter:data1\" content=\"4 minutes\" \/>\n<script type=\"application\/ld+json\" class=\"yoast-schema-graph\">{\"@context\":\"https:\/\/schema.org\",\"@graph\":[{\"@type\":\"WebPage\",\"@id\":\"https:\/\/limoges.college\/en\/about\/\",\"url\":\"https:\/\/limoges.college\/en\/about\/\",\"name\":\"About LIMOGES College - Limoges College\",\"isPartOf\":{\"@id\":\"https:\/\/limoges.college\/en\/#website\"},\"primaryImageOfPage\":{\"@id\":\"https:\/\/limoges.college\/en\/about\/#primaryimage\"},\"image\":{\"@id\":\"https:\/\/limoges.college\/en\/about\/#primaryimage\"},\"thumbnailUrl\":\"https:\/\/limoges.college\/wp-content\/uploads\/2022\/09\/IMG_7738-scaled.jpg\",\"datePublished\":\"2022-08-17T18:25:55+00:00\",\"dateModified\":\"2026-01-16T15:40:46+00:00\",\"breadcrumb\":{\"@id\":\"https:\/\/limoges.college\/en\/about\/#breadcrumb\"},\"inLanguage\":\"en-US\",\"potentialAction\":[{\"@type\":\"ReadAction\",\"target\":[\"https:\/\/limoges.college\/en\/about\/\"]}]},{\"@type\":\"ImageObject\",\"inLanguage\":\"en-US\",\"@id\":\"https:\/\/limoges.college\/en\/about\/#primaryimage\",\"url\":\"https:\/\/limoges.college\/wp-content\/uploads\/2022\/09\/IMG_7738-scaled.jpg\",\"contentUrl\":\"https:\/\/limoges.college\/wp-content\/uploads\/2022\/09\/IMG_7738-scaled.jpg\"},{\"@type\":\"BreadcrumbList\",\"@id\":\"https:\/\/limoges.college\/en\/about\/#breadcrumb\",\"itemListElement\":[{\"@type\":\"ListItem\",\"position\":1,\"name\":\"Home\",\"item\":\"https:\/\/limoges.college\/en\/home\/\"},{\"@type\":\"ListItem\",\"position\":2,\"name\":\"About LIMOGES College\"}]},{\"@type\":\"WebSite\",\"@id\":\"https:\/\/limoges.college\/en\/#website\",\"url\":\"https:\/\/limoges.college\/en\/\",\"name\":\"Limoges College\",\"description\":\"\",\"publisher\":{\"@id\":\"https:\/\/limoges.college\/en\/#organization\"},\"potentialAction\":[{\"@type\":\"SearchAction\",\"target\":{\"@type\":\"EntryPoint\",\"urlTemplate\":\"https:\/\/limoges.college\/en\/?s={search_term_string}\"},\"query-input\":{\"@type\":\"PropertyValueSpecification\",\"valueRequired\":true,\"valueName\":\"search_term_string\"}}],\"inLanguage\":\"en-US\"},{\"@type\":\"Organization\",\"@id\":\"https:\/\/limoges.college\/en\/#organization\",\"name\":\"College Limoges\",\"url\":\"https:\/\/limoges.college\/en\/\",\"logo\":{\"@type\":\"ImageObject\",\"inLanguage\":\"en-US\",\"@id\":\"https:\/\/limoges.college\/en\/#\/schema\/logo\/image\/\",\"url\":\"https:\/\/limoges.college\/wp-content\/uploads\/2022\/07\/lc-logo-white.png\",\"contentUrl\":\"https:\/\/limoges.college\/wp-content\/uploads\/2022\/07\/lc-logo-white.png\",\"width\":305,\"height\":130,\"caption\":\"College Limoges\"},\"image\":{\"@id\":\"https:\/\/limoges.college\/en\/#\/schema\/logo\/image\/\"},\"sameAs\":[\"https:\/\/www.facebook.com\/cnclnaturopathie\/\"]}]}<\/script>\n<!-- \/ Yoast SEO plugin. -->","yoast_head_json":{"title":"About LIMOGES College - Limoges College","robots":{"index":"index","follow":"follow","max-snippet":"max-snippet:-1","max-image-preview":"max-image-preview:large","max-video-preview":"max-video-preview:-1"},"canonical":"https:\/\/limoges.college\/en\/about\/","og_locale":"en_US","og_type":"article","og_title":"About LIMOGES College - Limoges College","og_url":"https:\/\/limoges.college\/en\/about\/","og_site_name":"Limoges College","article_publisher":"https:\/\/www.facebook.com\/cnclnaturopathie\/","article_modified_time":"2026-01-16T15:40:46+00:00","og_image":[{"url":"https:\/\/limoges.college\/wp-content\/uploads\/2022\/09\/IMG_7738-scaled.jpg","type":"","width":"","height":""}],"twitter_card":"summary_large_image","twitter_misc":{"Est. reading time":"4 minutes"},"schema":{"@context":"https:\/\/schema.org","@graph":[{"@type":"WebPage","@id":"https:\/\/limoges.college\/en\/about\/","url":"https:\/\/limoges.college\/en\/about\/","name":"About LIMOGES College - Limoges College","isPartOf":{"@id":"https:\/\/limoges.college\/en\/#website"},"primaryImageOfPage":{"@id":"https:\/\/limoges.college\/en\/about\/#primaryimage"},"image":{"@id":"https:\/\/limoges.college\/en\/about\/#primaryimage"},"thumbnailUrl":"https:\/\/limoges.college\/wp-content\/uploads\/2022\/09\/IMG_7738-scaled.jpg","datePublished":"2022-08-17T18:25:55+00:00","dateModified":"2026-01-16T15:40:46+00:00","breadcrumb":{"@id":"https:\/\/limoges.college\/en\/about\/#breadcrumb"},"inLanguage":"en-US","potentialAction":[{"@type":"ReadAction","target":["https:\/\/limoges.college\/en\/about\/"]}]},{"@type":"ImageObject","inLanguage":"en-US","@id":"https:\/\/limoges.college\/en\/about\/#primaryimage","url":"https:\/\/limoges.college\/wp-content\/uploads\/2022\/09\/IMG_7738-scaled.jpg","contentUrl":"https:\/\/limoges.college\/wp-content\/uploads\/2022\/09\/IMG_7738-scaled.jpg"},{"@type":"BreadcrumbList","@id":"https:\/\/limoges.college\/en\/about\/#breadcrumb","itemListElement":[{"@type":"ListItem","position":1,"name":"Home","item":"https:\/\/limoges.college\/en\/home\/"},{"@type":"ListItem","position":2,"name":"About LIMOGES College"}]},{"@type":"WebSite","@id":"https:\/\/limoges.college\/en\/#website","url":"https:\/\/limoges.college\/en\/","name":"Limoges College","description":"","publisher":{"@id":"https:\/\/limoges.college\/en\/#organization"},"potentialAction":[{"@type":"SearchAction","target":{"@type":"EntryPoint","urlTemplate":"https:\/\/limoges.college\/en\/?s={search_term_string}"},"query-input":{"@type":"PropertyValueSpecification","valueRequired":true,"valueName":"search_term_string"}}],"inLanguage":"en-US"},{"@type":"Organization","@id":"https:\/\/limoges.college\/en\/#organization","name":"College Limoges","url":"https:\/\/limoges.college\/en\/","logo":{"@type":"ImageObject","inLanguage":"en-US","@id":"https:\/\/limoges.college\/en\/#\/schema\/logo\/image\/","url":"https:\/\/limoges.college\/wp-content\/uploads\/2022\/07\/lc-logo-white.png","contentUrl":"https:\/\/limoges.college\/wp-content\/uploads\/2022\/07\/lc-logo-white.png","width":305,"height":130,"caption":"College Limoges"},"image":{"@id":"https:\/\/limoges.college\/en\/#\/schema\/logo\/image\/"},"sameAs":["https:\/\/www.facebook.com\/cnclnaturopathie\/"]}]}},"_links":{"self":[{"href":"https:\/\/limoges.college\/en\/wp-json\/wp\/v2\/pages\/6466","targetHints":{"allow":["GET"]}}],"collection":[{"href":"https:\/\/limoges.college\/en\/wp-json\/wp\/v2\/pages"}],"about":[{"href":"https:\/\/limoges.college\/en\/wp-json\/wp\/v2\/types\/page"}],"author":[{"embeddable":true,"href":"https:\/\/limoges.college\/en\/wp-json\/wp\/v2\/users\/1"}],"replies":[{"embeddable":true,"href":"https:\/\/limoges.college\/en\/wp-json\/wp\/v2\/comments?post=6466"}],"version-history":[{"count":18,"href":"https:\/\/limoges.college\/en\/wp-json\/wp\/v2\/pages\/6466\/revisions"}],"predecessor-version":[{"id":7359,"href":"https:\/\/limoges.college\/en\/wp-json\/wp\/v2\/pages\/6466\/revisions\/7359"}],"wp:attachment":[{"href":"https:\/\/limoges.college\/en\/wp-json\/wp\/v2\/media?parent=6466"}],"curies":[{"name":"wp","href":"https:\/\/api.w.org\/{rel}","templated":true}]}}